{"id":146,"date":"2020-02-17T13:21:10","date_gmt":"2020-02-17T13:21:10","guid":{"rendered":"https:\/\/demosites.io\/fitness-gb\/?page_id=146"},"modified":"2021-10-01T15:30:30","modified_gmt":"2021-10-01T13:30:30","slug":"kontakt","status":"publish","type":"page","link":"https:\/\/nyskifte.dk\/index.php\/kontakt\/","title":{"rendered":"Kontakt os"},"content":{"rendered":"\n<div class=\"wp-block-cover alignfull has-nv-light-bg-background-color has-background-dim\" style=\"min-height:420px;aspect-ratio:unset;\"><div class=\"wp-block-cover__inner-container is-layout-flow wp-block-cover-is-layout-flow\">\n<div class=\"wp-block-columns alignwide is-layout-flex wp-container-core-columns-is-layout-9d6595d7 wp-block-columns-is-layout-flex\">\n<div class=\"wp-block-column ticss-f6fc7494 has-nv-dark-bg-color has-nv-c-1-background-color has-text-color has-background is-layout-flow wp-block-column-is-layout-flow\" style=\"flex-basis:65%\">\n<p><\/p>\n\n\n<div class=\"wpforms-container wpforms-container-full wpforms-block\" id=\"wpforms-288\"><form id=\"wpforms-form-288\" class=\"wpforms-validate wpforms-form wpforms-ajax-form\" data-formid=\"288\" method=\"post\" enctype=\"multipart\/form-data\" action=\"\/index.php\/wp-json\/wp\/v2\/pages\/146\" data-token=\"4a536d6ddbabcf576784007040fc365a\" data-token-time=\"1777669747\"><div class=\"wpforms-head-container\"><div class=\"wpforms-title\">Kontakt formular<\/div><\/div><noscript class=\"wpforms-error-noscript\">Please enable JavaScript in your browser to complete this form.<\/noscript><div class=\"wpforms-field-container\"><div id=\"wpforms-288-field_0-container\" class=\"wpforms-field wpforms-field-name\" data-field-id=\"0\"><label class=\"wpforms-field-label\" for=\"wpforms-288-field_0\">Navn <span class=\"wpforms-required-label\">*<\/span><\/label><input type=\"text\" id=\"wpforms-288-field_0\" class=\"wpforms-field-medium wpforms-field-required\" name=\"wpforms[fields][0]\" required><\/div><div id=\"wpforms-288-field_1-container\" class=\"wpforms-field wpforms-field-email\" data-field-id=\"1\"><label class=\"wpforms-field-label\" for=\"wpforms-288-field_1\">Email <span class=\"wpforms-required-label\">*<\/span><\/label><input type=\"email\" id=\"wpforms-288-field_1\" class=\"wpforms-field-medium wpforms-field-required\" name=\"wpforms[fields][1]\" spellcheck=\"false\" required><\/div><div id=\"wpforms-288-field_5-container\" class=\"wpforms-field wpforms-field-number\" data-field-id=\"5\"><label class=\"wpforms-field-label\" for=\"wpforms-288-field_5\">Telefon<\/label><input type=\"number\" id=\"wpforms-288-field_5\" class=\"wpforms-field-medium\" name=\"wpforms[fields][5]\" step=\"any\" ><\/div><div id=\"wpforms-288-field_6-container\" class=\"wpforms-field wpforms-field-radio\" data-field-id=\"6\"><label class=\"wpforms-field-label\">V\u00e6lg evt. hvem eller hvad din henvendelse drejer sig om<\/label><ul id=\"wpforms-288-field_6\"><li class=\"choice-1 depth-1\"><input type=\"radio\" id=\"wpforms-288-field_6_1\" name=\"wpforms[fields][6]\" value=\"Besked til Bestyrelsen\"  ><label class=\"wpforms-field-label-inline\" for=\"wpforms-288-field_6_1\">Besked til Bestyrelsen<\/label><\/li><li class=\"choice-2 depth-1\"><input type=\"radio\" id=\"wpforms-288-field_6_2\" name=\"wpforms[fields][6]\" value=\"Generel henvendelse\"  ><label class=\"wpforms-field-label-inline\" for=\"wpforms-288-field_6_2\">Generel henvendelse<\/label><\/li><li class=\"choice-4 depth-1\"><input type=\"radio\" id=\"wpforms-288-field_6_4\" name=\"wpforms[fields][6]\" value=\"Jeg er ejendomsm\u00e6gler og har brug for nogle oplysninger\"  ><label class=\"wpforms-field-label-inline\" for=\"wpforms-288-field_6_4\">Jeg er ejendomsm\u00e6gler og har brug for nogle oplysninger<\/label><\/li><\/ul><div class=\"wpforms-field-description\">Bem\u00e6rk !\r\nEr du ejendomsm\u00e6gler og har brug for fremsendelse af dokumentation i forbindelse med et salg, skal du v\u00e6re opm\u00e6rksom p\u00e5 at Grundejerforeningen opkr\u00e6ver 500.- for denne ydelse.\r\nSkal der medsendes et skema som skal udfyldes, send da en mail med skema vedh\u00e6ftet direkte til &#8220;bestyrelse(a)nyskifte.dk&#8221;.<\/div><\/div><div id=\"wpforms-288-field_2-container\" class=\"wpforms-field wpforms-field-textarea\" data-field-id=\"2\"><label class=\"wpforms-field-label\" for=\"wpforms-288-field_2\">Tekst <span class=\"wpforms-required-label\">*<\/span><\/label><textarea id=\"wpforms-288-field_2\" class=\"wpforms-field-medium wpforms-field-required\" name=\"wpforms[fields][2]\" required><\/textarea><\/div><\/div><!-- .wpforms-field-container --><div class=\"wpforms-recaptcha-container wpforms-is-recaptcha wpforms-is-recaptcha-type-invisible\" ><div class=\"g-recaptcha\" data-sitekey=\"6LcA01odAAAAALXKjmH81Ol32VrpG8F7MTz5pKhf\" data-size=\"invisible\"><\/div><\/div><div class=\"wpforms-submit-container\" ><input type=\"hidden\" name=\"wpforms[id]\" value=\"288\"><input type=\"hidden\" name=\"page_title\" value=\"\"><input type=\"hidden\" name=\"page_url\" value=\"https:\/\/nyskifte.dk\/index.php\/wp-json\/wp\/v2\/pages\/146\"><input type=\"hidden\" name=\"url_referer\" value=\"\"><button type=\"submit\" name=\"wpforms[submit]\" id=\"wpforms-submit-288\" class=\"wpforms-submit\" data-alt-text=\"Sender...\" data-submit-text=\"Send\" aria-live=\"assertive\" value=\"wpforms-submit\">Send<\/button><img loading=\"lazy\" decoding=\"async\" src=\"https:\/\/nyskifte.dk\/wp-content\/plugins\/wpforms-lite\/assets\/images\/submit-spin.svg\" class=\"wpforms-submit-spinner\" style=\"display: none;\" width=\"26\" height=\"26\" alt=\"Loading\"><\/div><\/form><\/div>  <!-- .wpforms-container --><\/div>\n<\/div>\n<\/div><\/div>\n","protected":false},"excerpt":{"rendered":"","protected":false},"author":1,"featured_media":0,"parent":0,"menu_order":0,"comment_status":"closed","ping_status":"closed","template":"","meta":{"neve_meta_sidebar":"full-width","neve_meta_container":"","neve_meta_enable_content_width":"on","neve_meta_content_width":100,"neve_meta_title_alignment":"","neve_meta_author_avatar":"","neve_post_elements_order":"","neve_meta_disable_header":"","neve_meta_disable_footer":"","neve_meta_disable_title":"","_themeisle_gutenberg_block_has_review":false,"footnotes":""},"class_list":["post-146","page","type-page","status-publish","hentry"],"_links":{"self":[{"href":"https:\/\/nyskifte.dk\/index.php\/wp-json\/wp\/v2\/pages\/146","targetHints":{"allow":["GET"]}}],"collection":[{"href":"https:\/\/nyskifte.dk\/index.php\/wp-json\/wp\/v2\/pages"}],"about":[{"href":"https:\/\/nyskifte.dk\/index.php\/wp-json\/wp\/v2\/types\/page"}],"author":[{"embeddable":true,"href":"https:\/\/nyskifte.dk\/index.php\/wp-json\/wp\/v2\/users\/1"}],"replies":[{"embeddable":true,"href":"https:\/\/nyskifte.dk\/index.php\/wp-json\/wp\/v2\/comments?post=146"}],"version-history":[{"count":9,"href":"https:\/\/nyskifte.dk\/index.php\/wp-json\/wp\/v2\/pages\/146\/revisions"}],"predecessor-version":[{"id":300,"href":"https:\/\/nyskifte.dk\/index.php\/wp-json\/wp\/v2\/pages\/146\/revisions\/300"}],"wp:attachment":[{"href":"https:\/\/nyskifte.dk\/index.php\/wp-json\/wp\/v2\/media?parent=146"}],"curies":[{"name":"wp","href":"https:\/\/api.w.org\/{rel}","templated":true}]}}