{"id":2,"date":"2021-10-01T08:56:06","date_gmt":"2021-10-01T06:56:06","guid":{"rendered":"http:\/\/nyskifte.arena-it.dk\/?page_id=2"},"modified":"2023-04-12T22:19:17","modified_gmt":"2023-04-12T20:19:17","slug":"medlemmer","status":"publish","type":"page","link":"https:\/\/nyskifte.dk\/index.php\/medlemmer\/","title":{"rendered":"For medlemmer"},"content":{"rendered":"\n<p><\/p>\n\n\n\n<div class=\"wp-block-columns are-vertically-aligned-top is-layout-flex wp-container-core-columns-is-layout-9d6595d7 wp-block-columns-is-layout-flex\">\n<div class=\"wp-block-column is-vertically-aligned-top is-layout-flow wp-block-column-is-layout-flow\" style=\"flex-basis:66.66%\">\n<h1 class=\"wp-block-heading\">For medlemmer<\/h1>\n\n\n\n<p>P\u00e5 denne side finder du informationer der kan v\u00e6re interessante for foreningens medlemmer. F.eks. information om den r\u00f8de facade farve p\u00e5 de lave huse, indkaldelser og referater fra vores generalforsamlinger.<\/p>\n\n\n\n<p><strong>Bem\u00e6rk !<\/strong><\/p>\n\n\n\n<p><em>Grundet Covid-19 situationen har det ikke v\u00e6ret muligt at afholde generalforsamling i 2020 og 2021.<\/em><\/p>\n<\/div>\n\n\n\n<div class=\"wp-block-column is-vertically-aligned-top is-layout-flow wp-block-column-is-layout-flow\" style=\"flex-basis:33.33%\">\n<h1 class=\"wp-block-heading\"><\/h1>\n\n\n<div class=\"wp-block-image\">\n<figure class=\"alignright size-full is-resized\"><img loading=\"lazy\" decoding=\"async\" src=\"https:\/\/nyskifte.dk\/wp-content\/uploads\/2021\/10\/Nyskifte2.jpg\" alt=\"\" class=\"wp-image-556\" width=\"183\" height=\"197\"\/><\/figure>\n<\/div><\/div>\n<\/div>\n\n\n\n<hr class=\"wp-block-separator has-css-opacity\"\/>\n\n\n\n<h5 class=\"wp-block-heading alignfull has-text-align-center\"><em>Dokumenter:<\/em> <\/h5>\n\n\n\n<div class=\"wp-block-columns is-layout-flex wp-container-core-columns-is-layout-9d6595d7 wp-block-columns-is-layout-flex\">\n<div class=\"wp-block-column is-vertically-aligned-top is-layout-flow wp-block-column-is-layout-flow\" style=\"flex-basis:100%\">\n<div class=\"wp-block-columns alignwide is-layout-flex wp-container-core-columns-is-layout-9d6595d7 wp-block-columns-is-layout-flex\">\n<div class=\"wp-block-column is-layout-flow wp-block-column-is-layout-flow\">\n<h6 class=\"wp-block-heading\"><mark style=\"background-color:rgba(0, 0, 0, 0)\" class=\"has-inline-color has-neve-link-color-color\"><strong>Generalforsamlings referater:<\/strong><\/mark><\/h6>\n\n\n\n<p><code><div class=\"dflip-books\"><div class=\"_df_thumb \" id=\"df_861\"  _slug=\"861\" data-title=\"ref-generalforsamling-2025\" wpoptions=\"true\" thumb=\"https:\/\/nyskifte.dk\/wp-content\/uploads\/2021\/10\/flip_gf_2.png\" thumbtype=\"\" >Ref. Generalforsamling 2025<\/div><script class=\"df-shortcode-script\" nowprocket type=\"application\/javascript\">window.option_df_861 = {\"outline\":[],\"autoEnableOutline\":\"false\",\"autoEnableThumbnail\":\"false\",\"overwritePDFOutline\":\"false\",\"direction\":\"1\",\"pageSize\":\"0\",\"source\":\"https:\\\/\\\/nyskifte.dk\\\/wp-content\\\/uploads\\\/2025\\\/04\\\/Ref.-Generalforsamling-2025.pdf\",\"wpOptions\":\"true\"}; if(window.DFLIP && window.DFLIP.parseBooks){window.DFLIP.parseBooks();}<\/script><div class=\"_df_thumb \" id=\"df_825\"  _slug=\"825\" data-title=\"ref-generalforsamling-2024\" wpoptions=\"true\" thumb=\"https:\/\/nyskifte.dk\/wp-content\/uploads\/2021\/10\/flip_gf_2.png\" thumbtype=\"\" >Ref. Generalforsamling 2024<\/div><script class=\"df-shortcode-script\" nowprocket type=\"application\/javascript\">window.option_df_825 = {\"outline\":[],\"autoEnableOutline\":\"false\",\"autoEnableThumbnail\":\"false\",\"overwritePDFOutline\":\"false\",\"direction\":\"1\",\"pageSize\":\"0\",\"source\":\"https:\\\/\\\/nyskifte.dk\\\/wp-content\\\/uploads\\\/2024\\\/04\\\/Referat-af-ordinaer-generalforsamling-marts-2024.pdf\",\"wpOptions\":\"true\"}; if(window.DFLIP && window.DFLIP.parseBooks){window.DFLIP.parseBooks();}<\/script><div class=\"_df_thumb \" id=\"df_745\"  _slug=\"ref-generalforsamling-2023\" data-title=\"ref-generalforsamling-2023\" wpoptions=\"true\" thumb=\"https:\/\/nyskifte.dk\/wp-content\/uploads\/2021\/10\/flip_gf_2.png\" thumbtype=\"\" >Ref. Generalforsamling 2023<\/div><script class=\"df-shortcode-script\" nowprocket type=\"application\/javascript\">window.option_df_745 = {\"outline\":[],\"autoEnableOutline\":\"false\",\"autoEnableThumbnail\":\"false\",\"overwritePDFOutline\":\"false\",\"direction\":\"1\",\"pageSize\":\"0\",\"source\":\"https:\\\/\\\/nyskifte.dk\\\/wp-content\\\/uploads\\\/2023\\\/04\\\/Referat-Generalforsamling-2023.pdf\",\"wpOptions\":\"true\"}; if(window.DFLIP && window.DFLIP.parseBooks){window.DFLIP.parseBooks();}<\/script><div class=\"_df_thumb \" id=\"df_694\"  _slug=\"ref-generalforsamling-2022\" data-title=\"ref-generalforsamling-2022\" wpoptions=\"true\" thumb=\"https:\/\/nyskifte.dk\/wp-content\/uploads\/2021\/10\/flip_gf_2.png\" thumbtype=\"\" >Ref. Generalforsamling 2022<\/div><script class=\"df-shortcode-script\" nowprocket type=\"application\/javascript\">window.option_df_694 = {\"outline\":[],\"autoEnableOutline\":\"false\",\"autoEnableThumbnail\":\"false\",\"overwritePDFOutline\":\"false\",\"direction\":\"1\",\"pageSize\":\"0\",\"source\":\"https:\\\/\\\/nyskifte.dk\\\/wp-content\\\/uploads\\\/2022\\\/10\\\/Referat-Generalforsamling-2022.pdf\",\"wpOptions\":\"true\"}; if(window.DFLIP && window.DFLIP.parseBooks){window.DFLIP.parseBooks();}<\/script><div class=\"_df_thumb \" id=\"df_513\"  _slug=\"generalforsamling-2019\" data-title=\"ref-generalforsamling-2019\" wpoptions=\"true\" thumb=\"https:\/\/nyskifte.dk\/wp-content\/uploads\/2021\/10\/flip_gf_2.png\" thumbtype=\"\" >Ref. Generalforsamling 2019<\/div><script class=\"df-shortcode-script\" nowprocket type=\"application\/javascript\">window.option_df_513 = {\"outline\":[],\"autoEnableOutline\":\"false\",\"autoEnableThumbnail\":\"false\",\"overwritePDFOutline\":\"false\",\"direction\":\"1\",\"pageSize\":\"0\",\"source\":\"https:\\\/\\\/nyskifte.dk\\\/wp-content\\\/uploads\\\/2021\\\/10\\\/Referat-Generalforsamling-2019.pdf\",\"wpOptions\":\"true\"}; if(window.DFLIP && window.DFLIP.parseBooks){window.DFLIP.parseBooks();}<\/script><div class=\"_df_thumb \" id=\"df_666\"  _slug=\"ref-generalforsamling-2018\" data-title=\"ref-generalforsamling-2018\" wpoptions=\"true\" thumb=\"https:\/\/nyskifte.dk\/wp-content\/uploads\/2021\/10\/flip_gf_2.png\" thumbtype=\"\" >Ref. Generalforsamling 2018<\/div><script class=\"df-shortcode-script\" nowprocket type=\"application\/javascript\">window.option_df_666 = {\"outline\":[],\"autoEnableOutline\":\"false\",\"autoEnableThumbnail\":\"false\",\"overwritePDFOutline\":\"false\",\"direction\":\"1\",\"pageSize\":\"0\",\"source\":\"https:\\\/\\\/nyskifte.dk\\\/wp-content\\\/uploads\\\/2021\\\/12\\\/Referat-Generalforsamling-2018.pdf\",\"wpOptions\":\"true\"}; if(window.DFLIP && window.DFLIP.parseBooks){window.DFLIP.parseBooks();}<\/script><div class=\"_df_thumb \" id=\"df_663\"  _slug=\"ref-generalforsamling-2017\" data-title=\"ref-generalforsamling-2017\" wpoptions=\"true\" thumb=\"https:\/\/nyskifte.dk\/wp-content\/uploads\/2021\/10\/flip_gf_2.png\" thumbtype=\"\" >Ref. Generalforsamling 2017<\/div><script class=\"df-shortcode-script\" nowprocket type=\"application\/javascript\">window.option_df_663 = {\"outline\":[],\"autoEnableOutline\":\"false\",\"autoEnableThumbnail\":\"false\",\"overwritePDFOutline\":\"false\",\"direction\":\"1\",\"pageSize\":\"0\",\"source\":\"https:\\\/\\\/nyskifte.dk\\\/wp-content\\\/uploads\\\/2021\\\/12\\\/Referat-Generalforsamling-2017.pdf\",\"wpOptions\":\"true\"}; if(window.DFLIP && window.DFLIP.parseBooks){window.DFLIP.parseBooks();}<\/script><div class=\"_df_thumb \" id=\"df_660\"  _slug=\"ref-generalforsamling-2016\" data-title=\"ref-generalforsamling-2016\" wpoptions=\"true\" thumb=\"https:\/\/nyskifte.dk\/wp-content\/uploads\/2021\/10\/flip_gf_2.png\" thumbtype=\"\" >Ref. Generalforsamling 2016<\/div><script class=\"df-shortcode-script\" nowprocket type=\"application\/javascript\">window.option_df_660 = {\"outline\":[],\"autoEnableOutline\":\"false\",\"autoEnableThumbnail\":\"false\",\"overwritePDFOutline\":\"false\",\"direction\":\"1\",\"pageSize\":\"0\",\"source\":\"https:\\\/\\\/nyskifte.dk\\\/wp-content\\\/uploads\\\/2021\\\/12\\\/Referat-Generalforsamling-2016.pdf\",\"wpOptions\":\"true\"}; if(window.DFLIP && window.DFLIP.parseBooks){window.DFLIP.parseBooks();}<\/script><div class=\"_df_thumb \" id=\"df_657\"  _slug=\"ref-generalforsamling-2015\" data-title=\"ref-generalforsamling-2015\" wpoptions=\"true\" thumb=\"https:\/\/nyskifte.dk\/wp-content\/uploads\/2021\/10\/flip_gf_2.png\" thumbtype=\"\" >Ref. Generalforsamling 2015<\/div><script class=\"df-shortcode-script\" nowprocket type=\"application\/javascript\">window.option_df_657 = {\"outline\":[],\"autoEnableOutline\":\"false\",\"autoEnableThumbnail\":\"false\",\"overwritePDFOutline\":\"false\",\"direction\":\"1\",\"pageSize\":\"0\",\"source\":\"https:\\\/\\\/nyskifte.dk\\\/wp-content\\\/uploads\\\/2021\\\/12\\\/Referat-Generalforsamling-2015.pdf\",\"wpOptions\":\"true\"}; if(window.DFLIP && window.DFLIP.parseBooks){window.DFLIP.parseBooks();}<\/script><div class=\"_df_thumb \" id=\"df_654\"  _slug=\"ref-generalforsamling-2014\" data-title=\"ref-generalforsamling-2014\" wpoptions=\"true\" thumb=\"https:\/\/nyskifte.dk\/wp-content\/uploads\/2021\/10\/flip_gf_2.png\" thumbtype=\"\" >Ref. Generalforsamling 2014<\/div><script class=\"df-shortcode-script\" nowprocket type=\"application\/javascript\">window.option_df_654 = {\"outline\":[],\"autoEnableOutline\":\"false\",\"autoEnableThumbnail\":\"false\",\"overwritePDFOutline\":\"false\",\"direction\":\"1\",\"pageSize\":\"0\",\"source\":\"https:\\\/\\\/nyskifte.dk\\\/wp-content\\\/uploads\\\/2021\\\/12\\\/Referat-Generalforsamling-2014.pdf\",\"wpOptions\":\"true\"}; if(window.DFLIP && window.DFLIP.parseBooks){window.DFLIP.parseBooks();}<\/script><\/div><\/code><\/p>\n<\/div>\n\n\n\n<div class=\"wp-block-column is-layout-flow wp-block-column-is-layout-flow\">\n<h6 class=\"wp-block-heading\"><mark style=\"background-color:rgba(0, 0, 0, 0)\" class=\"has-inline-color has-neve-link-color-color\"><strong>Regnskaber:<\/strong><\/mark><\/h6>\n\n\n\n<p><code><div class=\"dflip-books\"><div class=\"_df_thumb \" id=\"df_866\"  _slug=\"regnskab-2024-budget-2025\" data-title=\"regnskab-2024-budget-2025\" wpoptions=\"true\" thumb=\"https:\/\/nyskifte.dk\/wp-content\/uploads\/2021\/10\/flip_regnskab_2.png\" thumbtype=\"\" >Regnskab 2024 &#038; Budget 2025<\/div><script class=\"df-shortcode-script\" nowprocket type=\"application\/javascript\">window.option_df_866 = {\"outline\":[],\"autoEnableOutline\":\"false\",\"autoEnableThumbnail\":\"false\",\"overwritePDFOutline\":\"false\",\"direction\":\"1\",\"pageSize\":\"0\",\"source\":\"https:\\\/\\\/nyskifte.dk\\\/wp-content\\\/uploads\\\/2025\\\/04\\\/Regnskab-2024-Budget-2025.pdf\",\"wpOptions\":\"true\"}; if(window.DFLIP && window.DFLIP.parseBooks){window.DFLIP.parseBooks();}<\/script><div class=\"_df_thumb \" id=\"df_829\"  _slug=\"regnskab-2023-budget-2024\" data-title=\"regnskab-2023-budget-2024\" wpoptions=\"true\" thumb=\"https:\/\/nyskifte.dk\/wp-content\/uploads\/2021\/10\/flip_regnskab_2.png\" thumbtype=\"\" >Regnskab 2023 &#038; Budget 2024<\/div><script class=\"df-shortcode-script\" nowprocket type=\"application\/javascript\">window.option_df_829 = {\"outline\":[],\"autoEnableOutline\":\"false\",\"autoEnableThumbnail\":\"false\",\"overwritePDFOutline\":\"false\",\"direction\":\"1\",\"pageSize\":\"0\",\"source\":\"https:\\\/\\\/nyskifte.dk\\\/wp-content\\\/uploads\\\/2024\\\/04\\\/Regnskab-2023-Budget-2024.pdf\",\"wpOptions\":\"true\"}; if(window.DFLIP && window.DFLIP.parseBooks){window.DFLIP.parseBooks();}<\/script><div class=\"_df_thumb \" id=\"df_754\"  _slug=\"regnskab-2022\" data-title=\"regnskab-2022\" wpoptions=\"true\" thumb=\"https:\/\/nyskifte.dk\/wp-content\/uploads\/2021\/10\/flip_regnskab_2.png\" thumbtype=\"\" >Regnskab 2022<\/div><script class=\"df-shortcode-script\" nowprocket type=\"application\/javascript\">window.option_df_754 = {\"outline\":[],\"autoEnableOutline\":\"false\",\"autoEnableThumbnail\":\"false\",\"overwritePDFOutline\":\"false\",\"direction\":\"1\",\"pageSize\":\"0\",\"source\":\"https:\\\/\\\/nyskifte.dk\\\/wp-content\\\/uploads\\\/2023\\\/04\\\/Regnskab-2022.pdf\",\"wpOptions\":\"true\"}; if(window.DFLIP && window.DFLIP.parseBooks){window.DFLIP.parseBooks();}<\/script><div class=\"_df_thumb \" id=\"df_510\"  _slug=\"regnskab-2021\" data-title=\"regnskab-2021\" wpoptions=\"true\" thumb=\"https:\/\/nyskifte.dk\/wp-content\/uploads\/2021\/10\/flip_regnskab_2.png\" thumbtype=\"\" >Regnskab 2021<\/div><script class=\"df-shortcode-script\" nowprocket type=\"application\/javascript\">window.option_df_510 = {\"outline\":[],\"autoEnableOutline\":\"false\",\"autoEnableThumbnail\":\"false\",\"overwritePDFOutline\":\"false\",\"direction\":\"1\",\"pageSize\":\"0\",\"source\":\"https:\\\/\\\/nyskifte.dk\\\/wp-content\\\/uploads\\\/2021\\\/10\\\/Regnskab-2021-Signed.pdf\",\"wpOptions\":\"true\"}; if(window.DFLIP && window.DFLIP.parseBooks){window.DFLIP.parseBooks();}<\/script><div class=\"_df_thumb \" id=\"df_508\"  _slug=\"regnskab-2020\" data-title=\"regnskab-2020\" wpoptions=\"true\" thumb=\"https:\/\/nyskifte.dk\/wp-content\/uploads\/2021\/10\/flip_regnskab_2.png\" thumbtype=\"\" >Regnskab 2020<\/div><script class=\"df-shortcode-script\" nowprocket type=\"application\/javascript\">window.option_df_508 = {\"outline\":[],\"autoEnableOutline\":\"false\",\"autoEnableThumbnail\":\"false\",\"overwritePDFOutline\":\"false\",\"direction\":\"1\",\"pageSize\":\"0\",\"source\":\"https:\\\/\\\/nyskifte.dk\\\/wp-content\\\/uploads\\\/2021\\\/10\\\/Regnskab-2020.pdf\",\"wpOptions\":\"true\"}; if(window.DFLIP && window.DFLIP.parseBooks){window.DFLIP.parseBooks();}<\/script><div class=\"_df_thumb \" id=\"df_506\"  _slug=\"regnskab-2019\" data-title=\"regnskab-2019\" wpoptions=\"true\" thumb=\"https:\/\/nyskifte.dk\/wp-content\/uploads\/2021\/10\/flip_regnskab_2.png\" thumbtype=\"\" >Regnskab 2019<\/div><script class=\"df-shortcode-script\" nowprocket type=\"application\/javascript\">window.option_df_506 = {\"outline\":[],\"autoEnableOutline\":\"false\",\"autoEnableThumbnail\":\"false\",\"overwritePDFOutline\":\"false\",\"direction\":\"1\",\"pageSize\":\"0\",\"source\":\"https:\\\/\\\/nyskifte.dk\\\/wp-content\\\/uploads\\\/2021\\\/10\\\/Regnskab-2019.pdf\",\"wpOptions\":\"true\"}; if(window.DFLIP && window.DFLIP.parseBooks){window.DFLIP.parseBooks();}<\/script><div class=\"_df_thumb \" id=\"df_504\"  _slug=\"regnskab-2018\" data-title=\"regnskab-2018\" wpoptions=\"true\" thumb=\"https:\/\/nyskifte.dk\/wp-content\/uploads\/2021\/10\/flip_regnskab_2.png\" thumbtype=\"\" >Regnskab 2018<\/div><script class=\"df-shortcode-script\" nowprocket type=\"application\/javascript\">window.option_df_504 = {\"outline\":[],\"autoEnableOutline\":\"false\",\"autoEnableThumbnail\":\"false\",\"overwritePDFOutline\":\"false\",\"direction\":\"1\",\"pageSize\":\"0\",\"source\":\"https:\\\/\\\/nyskifte.dk\\\/wp-content\\\/uploads\\\/2021\\\/10\\\/Regnskab-2018.pdf\",\"wpOptions\":\"true\"}; if(window.DFLIP && window.DFLIP.parseBooks){window.DFLIP.parseBooks();}<\/script><div class=\"_df_thumb \" id=\"df_502\"  _slug=\"regnskab-2017\" data-title=\"regnskab-2017\" wpoptions=\"true\" thumb=\"https:\/\/nyskifte.dk\/wp-content\/uploads\/2021\/10\/flip_regnskab_2.png\" thumbtype=\"\" >Regnskab 2017<\/div><script class=\"df-shortcode-script\" nowprocket type=\"application\/javascript\">window.option_df_502 = {\"outline\":[],\"autoEnableOutline\":\"false\",\"autoEnableThumbnail\":\"false\",\"overwritePDFOutline\":\"false\",\"direction\":\"1\",\"pageSize\":\"0\",\"source\":\"https:\\\/\\\/nyskifte.dk\\\/wp-content\\\/uploads\\\/2021\\\/10\\\/Regnskab-2017.pdf\",\"wpOptions\":\"true\"}; if(window.DFLIP && window.DFLIP.parseBooks){window.DFLIP.parseBooks();}<\/script><div class=\"_df_thumb \" id=\"df_499\"  _slug=\"499\" data-title=\"regnskab-2016\" wpoptions=\"true\" thumb=\"https:\/\/nyskifte.dk\/wp-content\/uploads\/2021\/10\/flip_regnskab_2.png\" thumbtype=\"\" >Regnskab 2016<\/div><script class=\"df-shortcode-script\" nowprocket type=\"application\/javascript\">window.option_df_499 = {\"outline\":[],\"autoEnableOutline\":\"false\",\"autoEnableThumbnail\":\"false\",\"overwritePDFOutline\":\"false\",\"direction\":\"1\",\"pageSize\":\"0\",\"source\":\"https:\\\/\\\/nyskifte.dk\\\/wp-content\\\/uploads\\\/2021\\\/10\\\/Regnskab-2016.pdf\",\"wpOptions\":\"true\"}; if(window.DFLIP && window.DFLIP.parseBooks){window.DFLIP.parseBooks();}<\/script><\/div><\/code><\/p>\n<\/div>\n<\/div>\n<\/div>\n<\/div>\n","protected":false},"excerpt":{"rendered":"<p>For medlemmer P\u00e5 denne side finder du informationer der kan v\u00e6re interessante for foreningens medlemmer. F.eks. information om den r\u00f8de facade farve p\u00e5 de lave huse, indkaldelser og referater fra vores generalforsamlinger. Bem\u00e6rk ! Grundet Covid-19 situationen har det ikke v\u00e6ret muligt at afholde generalforsamling i 2020 og 2021. Dokumenter: Generalforsamlings referater: Regnskaber:<\/p>\n","protected":false},"author":1,"featured_media":0,"parent":0,"menu_order":0,"comment_status":"closed","ping_status":"open","template":"","meta":{"neve_meta_sidebar":"","neve_meta_container":"contained","neve_meta_enable_content_width":"","neve_meta_content_width":0,"neve_meta_title_alignment":"center","neve_meta_author_avatar":"","neve_post_elements_order":"","neve_meta_disable_header":"","neve_meta_disable_footer":"","neve_meta_disable_title":"on","_themeisle_gutenberg_block_has_review":false,"footnotes":""},"class_list":["post-2","page","type-page","status-publish","hentry"],"_links":{"self":[{"href":"https:\/\/nyskifte.dk\/index.php\/wp-json\/wp\/v2\/pages\/2","targetHints":{"allow":["GET"]}}],"collection":[{"href":"https:\/\/nyskifte.dk\/index.php\/wp-json\/wp\/v2\/pages"}],"about":[{"href":"https:\/\/nyskifte.dk\/index.php\/wp-json\/wp\/v2\/types\/page"}],"author":[{"embeddable":true,"href":"https:\/\/nyskifte.dk\/index.php\/wp-json\/wp\/v2\/users\/1"}],"replies":[{"embeddable":true,"href":"https:\/\/nyskifte.dk\/index.php\/wp-json\/wp\/v2\/comments?post=2"}],"version-history":[{"count":43,"href":"https:\/\/nyskifte.dk\/index.php\/wp-json\/wp\/v2\/pages\/2\/revisions"}],"predecessor-version":[{"id":749,"href":"https:\/\/nyskifte.dk\/index.php\/wp-json\/wp\/v2\/pages\/2\/revisions\/749"}],"wp:attachment":[{"href":"https:\/\/nyskifte.dk\/index.php\/wp-json\/wp\/v2\/media?parent=2"}],"curies":[{"name":"wp","href":"https:\/\/api.w.org\/{rel}","templated":true}]}}