{"id":250,"date":"2021-08-11T12:26:39","date_gmt":"2021-08-11T12:26:39","guid":{"rendered":"https:\/\/demosites.io\/fitness-gb\/?page_id=250"},"modified":"2021-10-10T14:26:23","modified_gmt":"2021-10-10T12:26:23","slug":"om_nyskifte","status":"publish","type":"page","link":"https:\/\/nyskifte.dk\/index.php\/om_nyskifte\/","title":{"rendered":"Om Grundejerforeningen"},"content":{"rendered":"\n<div class=\"wp-block-themeisle-blocks-advanced-columns alignwide has-1-columns has-desktop-equal-layout has-tablet-equal-layout has-mobile-equal-layout has-nogap-gap has-vertical-flex-start\" id=\"wp-block-themeisle-blocks-advanced-columns-d5bbe158\"><div class=\"wp-block-themeisle-blocks-advanced-columns-overlay\"><\/div><div class=\"innerblocks-wrap\">\n<div class=\"wp-block-themeisle-blocks-advanced-column\" id=\"wp-block-themeisle-blocks-advanced-column-19972b42\">\n<p><\/p>\n\n\n\n<p><\/p>\n\n\n\n<h2 id=\"wp-block-themeisle-blocks-advanced-heading-8c584992\" class=\"wp-block-themeisle-blocks-advanced-heading wp-block-themeisle-blocks-advanced-heading-8c584992\">Lidt fakta  om Grundejerforeningen &#8230;<\/h2>\n\n\n\n<h5 id=\"wp-block-themeisle-blocks-advanced-heading-c6b0811f\" class=\"wp-block-themeisle-blocks-advanced-heading wp-block-themeisle-blocks-advanced-heading-c6b0811f\">Fakta &amp; oplysninger.<\/h5>\n\n\n\n<p><\/p>\n\n\n\n<hr class=\"wp-block-separator has-text-color has-background has-text-color-background-color has-text-color-color is-style-wide\"\/>\n\n\n\n<h5 id=\"wp-block-themeisle-blocks-advanced-heading-16a7aa82\" class=\"wp-block-themeisle-blocks-advanced-heading wp-block-themeisle-blocks-advanced-heading-16a7aa82\">Fakta 1<\/h5>\n\n\n\n<p>Vores grundejerforening er beliggende p\u00e5 Ejbyvej, L\u00f8renskogvej og Nyskiftevej i R\u00f8dovre n\u00e6r Vestvolden. <\/p>\n\n\n\n<hr class=\"wp-block-separator has-text-color has-background has-text-color-background-color has-text-color-color is-style-wide\"\/>\n\n\n\n<h5 id=\"wp-block-themeisle-blocks-advanced-heading-99862bd2\" class=\"wp-block-themeisle-blocks-advanced-heading wp-block-themeisle-blocks-advanced-heading-99862bd2\">Fakta 2<\/h5>\n\n\n\n<p>Bebyggelsen best\u00e5r af 85 r\u00e6kkehuse:<br>61 r\u00e6kkehuse i 1 plan bygget i 1955<br>24 r\u00e6kkehuse i 2 plan bygget i 1962<br>Medlemmerne er en herlig blanding af \u00e6ldre og yngre. <\/p>\n<\/div>\n<\/div><\/div>\n","protected":false},"excerpt":{"rendered":"","protected":false},"author":1,"featured_media":0,"parent":0,"menu_order":0,"comment_status":"closed","ping_status":"closed","template":"page-templates\/template-pagebuilder-full-width.php","meta":{"neve_meta_sidebar":"","neve_meta_container":"","neve_meta_enable_content_width":"on","neve_meta_content_width":100,"neve_meta_title_alignment":"","neve_meta_author_avatar":"","neve_post_elements_order":"","neve_meta_disable_header":"","neve_meta_disable_footer":"","neve_meta_disable_title":"on","_themeisle_gutenberg_block_has_review":false,"footnotes":""},"class_list":["post-250","page","type-page","status-publish","hentry"],"_links":{"self":[{"href":"https:\/\/nyskifte.dk\/index.php\/wp-json\/wp\/v2\/pages\/250","targetHints":{"allow":["GET"]}}],"collection":[{"href":"https:\/\/nyskifte.dk\/index.php\/wp-json\/wp\/v2\/pages"}],"about":[{"href":"https:\/\/nyskifte.dk\/index.php\/wp-json\/wp\/v2\/types\/page"}],"author":[{"embeddable":true,"href":"https:\/\/nyskifte.dk\/index.php\/wp-json\/wp\/v2\/users\/1"}],"replies":[{"embeddable":true,"href":"https:\/\/nyskifte.dk\/index.php\/wp-json\/wp\/v2\/comments?post=250"}],"version-history":[{"count":8,"href":"https:\/\/nyskifte.dk\/index.php\/wp-json\/wp\/v2\/pages\/250\/revisions"}],"predecessor-version":[{"id":491,"href":"https:\/\/nyskifte.dk\/index.php\/wp-json\/wp\/v2\/pages\/250\/revisions\/491"}],"wp:attachment":[{"href":"https:\/\/nyskifte.dk\/index.php\/wp-json\/wp\/v2\/media?parent=250"}],"curies":[{"name":"wp","href":"https:\/\/api.w.org\/{rel}","templated":true}]}}